{"id":17,"date":"2014-11-19T19:54:28","date_gmt":"2014-11-20T04:54:28","guid":{"rendered":"http:\/\/www.chulaoviejo.com\/en\/9hs\/?page_id=17"},"modified":"2016-02-14T16:05:35","modified_gmt":"2016-02-15T01:05:35","slug":"payment","status":"publish","type":"page","link":"https:\/\/www.chulaoviejo.com\/en\/9hs\/payment\/","title":{"rendered":"Payment"},"content":{"rendered":"<div class=\"training-page\">\n<div class=\"training-body\" style=\"height: auto;\">\n<div style=\"padding-top: 1.5em;\"><\/div>\n<div style=\"margin-top: 0.5em; height: 338px; background-image: url('http:\/\/ipst.chulaoviejo.com\/wp-content\/uploads\/2014\/10\/playa-e1414726563438.jpg'); background-repeat: no-repeat;\"><\/div>\n<div style=\"margin-top: -200px; margin-bottom: 100px; font-style: italic; font-size: 32pt; text-align: center; font-weight: 800; text-shadow: 1px 1px #ededed;\">Payment Options<\/div>\n<div style=\"padding-top: 70px; padding-bottom: 4px; text-align: center; font-size: 21pt; line-height: 180%;\">\n<div class=\"ctrHdrUL\" style=\"font-weight: bold; padding-bottom: 12px;\">Your Training Deposit<\/div>\n<p><strong>Once your application has been accepted, balance is payable by Monday, February 19, 2016.<\/strong><\/p>\n<p>The training fee includes training tuition, room and board.<\/p>\n<\/div>\n<div class=\"ctrHdrUL\" style=\"font-weight: bold;\">Payment by bank deposit or transfer<\/div>\n<table border=\"0\">\n<tbody style=\"font-size: 13pt; line-height: 110%; text-align: left;\">\n<tr style=\"vertical-align: top;\">\n<td width=\"140\"><\/td>\n<td style=\"vertical-align: top;\">Make a deposit or bank transfer to the following account:<br \/>\nBanco Santander<\/p>\n<p>IRIS SANG\u00dcESA<br \/>\nRUT 3.308.852-3<br \/>\naccount 68-77342-3<\/td>\n<td><img loading=\"lazy\" decoding=\"async\" class=\"alignleft size-full wp-image-616;\" src=\"http:\/\/ipst.chulaoviejo.com\/wp-content\/uploads\/2014\/10\/bycheck.png\" alt=\"bycheck\" width=\"200\" height=\"104\" \/><\/td>\n<td width=\"140\"><\/td>\n<\/tr>\n<tr>\n<td style=\"font-size: 11.2pt; text-align: center;\" colspan=\"4\">Member = US$1,230.00 &bull; Member Reduced = US$950.00 &bull; Non-member = US$1,530.00<\/td>\n<\/tr>\n<\/tbody>\n<\/table>\n<p> <!-- end of CHECK table --><br \/>\n<!-- begin BUTTON TABLE --> <\/p>\n<div class=\"ctrHdrUL\" style=\"font-weight: bold;\">Payment by credit card or PayPal<\/div>\n<table class=\"nobreak\" style=\"margin: auto; max-width: 700px; margin-bottom: 0em; margin-top: 0em;\">\n<tbody>\n<!-- FIRST BUTTON - FULL PAYMENT --><\/p>\n<tr class=\"tuition-row\" style=\"vertical-align: middle;\">\n<td class=\"rowNum\">&nbsp;<\/td>\n<td class=\"tuition-desc\">TOTAL PAYMENT &#8211; includes $200 deposit,<br \/>training tuition, room and board <br \/>for March 10 &ndash; 24<\/td>\n<td class=\"tuition-cell\">\n<form action=\"https:\/\/www.paypal.com\/cgi-bin\/webscr\" method=\"post\" target=\"_top\"> <input type=\"hidden\" name=\"cmd\" value=\"_s-xclick\"> <input type=\"hidden\" name=\"hosted_button_id\" value=\"BGNYJBBHJ9924\"> <\/p>\n<table>\n<tr>\n<td><input type=\"hidden\" name=\"on0\" value=\"Full Payment\">Full Payment<\/td>\n<\/tr>\n<tr>\n<td><select name=\"os0\"><option value=\"Arica Institute Member\">Arica Institute Member $1,230.00 USD<\/option><option value=\"Repeat or Member Reduced\">Repeat or Member Reduced $950.00 USD<\/option><option value=\"Non-Member\">Non-Member $1,530.00 USD<\/option><\/select> <\/td>\n<\/tr>\n<\/table>\n<p> <input type=\"hidden\" name=\"currency_code\" value=\"USD\"> <input type=\"image\" src=\"https:\/\/www.paypalobjects.com\/es_XC\/i\/btn\/btn_paynowCC_LG.gif\" border=\"0\" name=\"submit\" alt=\"PayPal, la forma m\u00e1s segura y r\u00e1pida de pagar en l\u00ednea.\"> <img loading=\"lazy\" decoding=\"async\" alt=\"\" border=\"0\" src=\"https:\/\/www.paypalobjects.com\/en_US\/i\/scr\/pixel.gif\" width=\"1\" height=\"1\"> <\/form>\n<\/td>\n<\/tr>\n<tr>\n<td colspan=\"3\">\n<div class=\"ctrHdrUL\" style=\"font-weight: bold;\">Or&hellip;<\/div>\n<\/td>\n<\/tr>\n<p><!-- DEPOSIT BUTTON --><\/p>\n<tr class=\"tuition-row\" style=\"vertical-align: middle;\">\n<td><\/td>\n<td class=\"tuition-desc\">\n$200.00 US Deposit<br \/>\nPER PERSON<\/td>\n<td class=\"feeCat\" style=\"text-align: center; vertical-align: middle; padding-left: 1.2em;\" colspan=\"3\">\n<form action=\"https:\/\/www.paypal.com\/cgi-bin\/webscr\" method=\"post\" target=\"_top\"> <input type=\"hidden\" name=\"cmd\" value=\"_s-xclick\"> <input type=\"hidden\" name=\"hosted_button_id\" value=\"9QYXBSQ5BDH3E\"> <input type=\"image\" src=\"https:\/\/www.paypalobjects.com\/es_XC\/i\/btn\/btn_paynowCC_LG.gif\" border=\"0\" name=\"submit\" alt=\"PayPal, la forma m\u00e1s segura y r\u00e1pida de pagar en l\u00ednea.\"> <img loading=\"lazy\" decoding=\"async\" alt=\"\" border=\"0\" src=\"https:\/\/www.paypalobjects.com\/en_US\/i\/scr\/pixel.gif\" width=\"1\" height=\"1\"> <\/form>\n<\/td>\n<\/tr>\n<p><!-- BALANCE AFTER DEPOSIT --><\/p>\n<tr class=\"tuition-row\" style=\"border-bottom: 1px solid black;\">\n<td class=\"rowNum\"><\/td>\n<td class=\"tuition-desc\">BALANCE DUE &ndash; includes training tuition, <br \/>room and board from March 10 &ndash; 24<\/td>\n<td class=\"tuition-cell\">\n<form action=\"https:\/\/www.paypal.com\/cgi-bin\/webscr\" method=\"post\" target=\"_top\"> <input type=\"hidden\" name=\"cmd\" value=\"_s-xclick\"> <input type=\"hidden\" name=\"hosted_button_id\" value=\"4V5LCGFH475FS\"> <\/p>\n<table>\n<tr>\n<td><input type=\"hidden\" name=\"on0\" value=\"Balance Due after Deposit\">Balance Due after Deposit<\/td>\n<\/tr>\n<tr>\n<td><select name=\"os0\"><option value=\"Arica Institute Member\">Arica Institute Member $1,030.00 USD<\/option><option value=\"Repeat or Member Reduced\">Repeat or Member Reduced $750.00 USD<\/option><option value=\"Non-Member\">Non-Member $1,330.00 USD<\/option><\/select> <\/td>\n<\/tr>\n<\/table>\n<p> <input type=\"hidden\" name=\"currency_code\" value=\"USD\"> <input type=\"image\" src=\"https:\/\/www.paypalobjects.com\/es_XC\/i\/btn\/btn_paynowCC_LG.gif\" border=\"0\" name=\"submit\" alt=\"PayPal, la forma m\u00e1s segura y r\u00e1pida de pagar en l\u00ednea.\"> <img loading=\"lazy\" decoding=\"async\" alt=\"\" border=\"0\" src=\"https:\/\/www.paypalobjects.com\/en_US\/i\/scr\/pixel.gif\" width=\"1\" height=\"1\"> <\/form>\n<\/td>\n<\/tr>\n<\/tbody>\n<\/table>\n<p><!-- end of PayPal table --><\/p>\n<div class=\"marks\" style=\"padding-top: 3em; padding-bottom: 16px;\"><div class=\"marks\">&copy; 1972, 2017 by Oscar Ichazo. Used with permission. All rights reserved. <\/div>Arica is a registered trademark of Oscar Ichazo in the United States of America.<br \/>\nPhoto: \u00a9 2012 Pablo Sandor<\/div>\n<\/div>\n<\/div>\n<div><\/div>\n","protected":false},"excerpt":{"rendered":"<p>Payment Options Your Training Deposit Once your application has been accepted, balance is payable by Monday, February 19, 2016. The training fee includes training tuition, room and board. Payment by bank deposit or transfer Make a deposit or bank transfer to the following account: Banco Santander IRIS SANG\u00dcESA RUT 3.308.852-3 account 68-77342-3 Member = US$1,230.00 [&hellip;]<\/p>\n","protected":false},"author":1,"featured_media":0,"parent":0,"menu_order":70,"comment_status":"closed","ping_status":"closed","template":"page-templates\/full-width.php","meta":{"footnotes":""},"_links":{"self":[{"href":"https:\/\/www.chulaoviejo.com\/en\/9hs\/wp-json\/wp\/v2\/pages\/17"}],"collection":[{"href":"https:\/\/www.chulaoviejo.com\/en\/9hs\/wp-json\/wp\/v2\/pages"}],"about":[{"href":"https:\/\/www.chulaoviejo.com\/en\/9hs\/wp-json\/wp\/v2\/types\/page"}],"author":[{"embeddable":true,"href":"https:\/\/www.chulaoviejo.com\/en\/9hs\/wp-json\/wp\/v2\/users\/1"}],"replies":[{"embeddable":true,"href":"https:\/\/www.chulaoviejo.com\/en\/9hs\/wp-json\/wp\/v2\/comments?post=17"}],"version-history":[{"count":5,"href":"https:\/\/www.chulaoviejo.com\/en\/9hs\/wp-json\/wp\/v2\/pages\/17\/revisions"}],"predecessor-version":[{"id":500,"href":"https:\/\/www.chulaoviejo.com\/en\/9hs\/wp-json\/wp\/v2\/pages\/17\/revisions\/500"}],"wp:attachment":[{"href":"https:\/\/www.chulaoviejo.com\/en\/9hs\/wp-json\/wp\/v2\/media?parent=17"}],"curies":[{"name":"wp","href":"https:\/\/api.w.org\/{rel}","templated":true}]}}